{"id":2686,"date":"2023-10-10T05:55:10","date_gmt":"2023-10-10T05:55:10","guid":{"rendered":"https:\/\/shwsljk.com\/?page_id=2686"},"modified":"2023-10-10T05:55:10","modified_gmt":"2023-10-10T05:55:10","slug":"inquiry-sent-successfully","status":"publish","type":"page","link":"https:\/\/shwsljk.com\/fr\/demande-envoyee-avec-succes\/","title":{"rendered":"Demande envoy\u00e9e avec succ\u00e8s"},"content":{"rendered":"<p>Merci de nous avoir consult\u00e9s\u00a0! Notre \u00e9quipe de techniciens experts vous contactera dans les 6 heures pour vous aider. Nous esp\u00e9rons que vous passerez une merveilleuse journ\u00e9e !<\/p>","protected":false},"excerpt":{"rendered":"<p>Merci de nous avoir consult\u00e9s\u00a0! Notre \u00e9quipe de techniciens experts vous contactera dans les 6 heures pour vous aider. Nous esp\u00e9rons que vous passerez une merveilleuse journ\u00e9e !<\/p>","protected":false},"author":1,"featured_media":0,"parent":0,"menu_order":0,"comment_status":"closed","ping_status":"closed","template":"","meta":{"site-sidebar-layout":"default","site-content-layout":"default","ast-global-header-display":"","ast-banner-title-visibility":"","ast-main-header-display":"","ast-hfb-above-header-display":"","ast-hfb-below-header-display":"","ast-hfb-mobile-header-display":"","site-post-title":"","ast-breadcrumbs-content":"","ast-featured-img":"","footer-sml-layout":"","theme-transparent-header-meta":"default","adv-header-id-meta":"","stick-header-meta":"","header-above-stick-meta":"","header-main-stick-meta":"","header-below-stick-meta":"","footnotes":""},"class_list":["post-2686","page","type-page","status-publish","hentry"],"yoast_head":"<!-- This site is optimized with the Yoast SEO Premium plugin v20.7 (Yoast SEO v26.0) - https:\/\/yoast.com\/wordpress\/plugins\/seo\/ -->\n<title>Inquiry sent successfully - WSL<\/title>\n<meta name=\"robots\" content=\"noindex, nofollow\" \/>\n<meta property=\"og:locale\" content=\"fr_FR\" \/>\n<meta property=\"og:type\" content=\"article\" \/>\n<meta property=\"og:title\" content=\"Inquiry sent successfully\" \/>\n<meta property=\"og:description\" content=\"Thank you for consulting with us! Our team of expert technicians will reach out to you within 6 hours to assist you. We hope you have a wonderful day!\" \/>\n<meta property=\"og:url\" content=\"https:\/\/shwsljk.com\/fr\/demande-envoyee-avec-succes\/\" \/>\n<meta property=\"og:site_name\" content=\"WSL\" \/>\n<meta name=\"twitter:card\" content=\"summary_large_image\" \/>\n<meta name=\"twitter:label1\" content=\"Dur\u00e9e de lecture estim\u00e9e\" \/>\n\t<meta name=\"twitter:data1\" content=\"1 minute\" \/>\n<script type=\"application\/ld+json\" class=\"yoast-schema-graph\">{\"@context\":\"https:\/\/schema.org\",\"@graph\":[{\"@type\":\"WebPage\",\"@id\":\"https:\/\/shwsljk.com\/inquiry-sent-successfully\/\",\"url\":\"https:\/\/shwsljk.com\/inquiry-sent-successfully\/\",\"name\":\"Inquiry sent successfully - WSL\",\"isPartOf\":{\"@id\":\"https:\/\/shwsljk.com\/#website\"},\"datePublished\":\"2023-10-10T05:55:10+00:00\",\"breadcrumb\":{\"@id\":\"https:\/\/shwsljk.com\/inquiry-sent-successfully\/#breadcrumb\"},\"inLanguage\":\"fr-FR\",\"potentialAction\":[{\"@type\":\"ReadAction\",\"target\":[\"https:\/\/shwsljk.com\/inquiry-sent-successfully\/\"]}]},{\"@type\":\"BreadcrumbList\",\"@id\":\"https:\/\/shwsljk.com\/inquiry-sent-successfully\/#breadcrumb\",\"itemListElement\":[{\"@type\":\"ListItem\",\"position\":1,\"name\":\"Home\",\"item\":\"https:\/\/shwsljk.com\/\"},{\"@type\":\"ListItem\",\"position\":2,\"name\":\"Inquiry sent successfully\"}]},{\"@type\":\"WebSite\",\"@id\":\"https:\/\/shwsljk.com\/#website\",\"url\":\"https:\/\/shwsljk.com\/\",\"name\":\"WSL\",\"description\":\"My WordPress Blog\",\"publisher\":{\"@id\":\"https:\/\/shwsljk.com\/#organization\"},\"potentialAction\":[{\"@type\":\"SearchAction\",\"target\":{\"@type\":\"EntryPoint\",\"urlTemplate\":\"https:\/\/shwsljk.com\/?s={search_term_string}\"},\"query-input\":{\"@type\":\"PropertyValueSpecification\",\"valueRequired\":true,\"valueName\":\"search_term_string\"}}],\"inLanguage\":\"fr-FR\"},{\"@type\":\"Organization\",\"@id\":\"https:\/\/shwsljk.com\/#organization\",\"name\":\"WSL\",\"url\":\"https:\/\/shwsljk.com\/\",\"logo\":{\"@type\":\"ImageObject\",\"inLanguage\":\"fr-FR\",\"@id\":\"https:\/\/shwsljk.com\/#\/schema\/logo\/image\/\",\"url\":\"https:\/\/shwsljk.com\/wp-content\/uploads\/2023\/06\/logo.webp\",\"contentUrl\":\"https:\/\/shwsljk.com\/wp-content\/uploads\/2023\/06\/logo.webp\",\"width\":1353,\"height\":1353,\"caption\":\"WSL\"},\"image\":{\"@id\":\"https:\/\/shwsljk.com\/#\/schema\/logo\/image\/\"}}]}<\/script>\n<!-- \/ Yoast SEO Premium plugin. -->","yoast_head_json":{"title":"Demande envoy\u00e9e avec succ\u00e8s - WSL","robots":{"index":"noindex","follow":"nofollow"},"og_locale":"fr_FR","og_type":"article","og_title":"Inquiry sent successfully","og_description":"Thank you for consulting with us! Our team of expert technicians will reach out to you within 6 hours to assist you. We hope you have a wonderful day!","og_url":"https:\/\/shwsljk.com\/fr\/demande-envoyee-avec-succes\/","og_site_name":"WSL","twitter_card":"summary_large_image","twitter_misc":{"Dur\u00e9e de lecture estim\u00e9e":"1 minute"},"schema":{"@context":"https:\/\/schema.org","@graph":[{"@type":"WebPage","@id":"https:\/\/shwsljk.com\/inquiry-sent-successfully\/","url":"https:\/\/shwsljk.com\/inquiry-sent-successfully\/","name":"Demande envoy\u00e9e avec succ\u00e8s - WSL","isPartOf":{"@id":"https:\/\/shwsljk.com\/#website"},"datePublished":"2023-10-10T05:55:10+00:00","breadcrumb":{"@id":"https:\/\/shwsljk.com\/inquiry-sent-successfully\/#breadcrumb"},"inLanguage":"fr-FR","potentialAction":[{"@type":"ReadAction","target":["https:\/\/shwsljk.com\/inquiry-sent-successfully\/"]}]},{"@type":"BreadcrumbList","@id":"https:\/\/shwsljk.com\/inquiry-sent-successfully\/#breadcrumb","itemListElement":[{"@type":"ListItem","position":1,"name":"Home","item":"https:\/\/shwsljk.com\/"},{"@type":"ListItem","position":2,"name":"Inquiry sent successfully"}]},{"@type":"WebSite","@id":"https:\/\/shwsljk.com\/#website","url":"https:\/\/shwsljk.com\/","name":"WSL","description":"Mon blog WordPress","publisher":{"@id":"https:\/\/shwsljk.com\/#organization"},"potentialAction":[{"@type":"SearchAction","target":{"@type":"EntryPoint","urlTemplate":"https:\/\/shwsljk.com\/?s={search_term_string}"},"query-input":{"@type":"PropertyValueSpecification","valueRequired":true,"valueName":"search_term_string"}}],"inLanguage":"fr-FR"},{"@type":"Organization","@id":"https:\/\/shwsljk.com\/#organization","name":"WSL","url":"https:\/\/shwsljk.com\/","logo":{"@type":"ImageObject","inLanguage":"fr-FR","@id":"https:\/\/shwsljk.com\/#\/schema\/logo\/image\/","url":"https:\/\/shwsljk.com\/wp-content\/uploads\/2023\/06\/logo.webp","contentUrl":"https:\/\/shwsljk.com\/wp-content\/uploads\/2023\/06\/logo.webp","width":1353,"height":1353,"caption":"WSL"},"image":{"@id":"https:\/\/shwsljk.com\/#\/schema\/logo\/image\/"}}]}},"_links":{"self":[{"href":"https:\/\/shwsljk.com\/fr\/wp-json\/wp\/v2\/pages\/2686","targetHints":{"allow":["GET"]}}],"collection":[{"href":"https:\/\/shwsljk.com\/fr\/wp-json\/wp\/v2\/pages"}],"about":[{"href":"https:\/\/shwsljk.com\/fr\/wp-json\/wp\/v2\/types\/page"}],"author":[{"embeddable":true,"href":"https:\/\/shwsljk.com\/fr\/wp-json\/wp\/v2\/users\/1"}],"replies":[{"embeddable":true,"href":"https:\/\/shwsljk.com\/fr\/wp-json\/wp\/v2\/comments?post=2686"}],"version-history":[{"count":0,"href":"https:\/\/shwsljk.com\/fr\/wp-json\/wp\/v2\/pages\/2686\/revisions"}],"wp:attachment":[{"href":"https:\/\/shwsljk.com\/fr\/wp-json\/wp\/v2\/media?parent=2686"}],"curies":[{"name":"wp","href":"https:\/\/api.w.org\/{rel}","templated":true}]}}