{"id":2,"date":"2023-06-12T07:49:27","date_gmt":"2023-06-12T07:49:27","guid":{"rendered":"https:\/\/shwsljk.com\/?page_id=2"},"modified":"2023-06-12T07:49:27","modified_gmt":"2023-06-12T07:49:27","slug":"sample-page","status":"publish","type":"page","link":"https:\/\/shwsljk.com\/pt\/pagina-de-exemplo\/","title":{"rendered":"P\u00e1gina de exemplo"},"content":{"rendered":"<p>Esta \u00e9 uma p\u00e1gina de exemplo. \u00c9 diferente de uma postagem de blog porque ficar\u00e1 em um lugar e aparecer\u00e1 na navega\u00e7\u00e3o do site (na maioria dos temas). A maioria das pessoas come\u00e7a com uma p\u00e1gina Sobre que as apresenta a poss\u00edveis visitantes do site. Pode dizer algo assim:<\/p>\n\n\n\n<blockquote class=\"wp-block-quote is-layout-flow wp-block-quote-is-layout-flow\"><p>Ol\u00e1! Sou mensageiro de bicicleta durante o dia, aspirante a ator \u00e0 noite, e este \u00e9 o meu site. Eu moro em Los Angeles, tenho um \u00f3timo cachorro chamado Jack e gosto de pi\u00f1a coladas. (E sendo pego pela chuva.)<\/p><\/blockquote>\n\n\n\n<p>\u2026ou algo parecido com isto:<\/p>\n\n\n\n<blockquote class=\"wp-block-quote is-layout-flow wp-block-quote-is-layout-flow\"><p>A XYZ Doohickey Company foi fundada em 1971 e desde ent\u00e3o tem fornecido doohickeys de qualidade ao p\u00fablico. Localizada em Gotham City, a XYZ emprega mais de 2.000 pessoas e faz todo tipo de coisas incr\u00edveis para a comunidade de Gotham.<\/p><\/blockquote>\n\n\n\n<p>Como um novo usu\u00e1rio do WordPress, voc\u00ea deve ir para <a href=\"https:\/\/shwsljk.com\/wp-admin\/\" target=\"_blank\">seu painel<\/a> para excluir esta p\u00e1gina e criar novas p\u00e1ginas para seu conte\u00fado. Divirta-se!<\/p>","protected":false},"excerpt":{"rendered":"<p>Esta \u00e9 uma p\u00e1gina de exemplo. \u00c9 diferente de uma postagem de blog porque ela ficar\u00e1 em um lugar e aparecer\u00e1 na navega\u00e7\u00e3o do seu site (na maioria dos temas). A maioria das pessoas come\u00e7a com uma p\u00e1gina Sobre que as apresenta a potenciais visitantes do site. Poderia dizer algo como isto: Ol\u00e1! Sou um mensageiro de bicicleta \u2026<\/p>\n<p class=\"read-more\"> <a class=\"\" href=\"https:\/\/shwsljk.com\/pt\/pagina-de-exemplo\/\"> <span class=\"screen-reader-text\">P\u00e1gina de exemplo<\/span> Leia mais \u00bb<\/a><\/p>","protected":false},"author":1,"featured_media":0,"parent":0,"menu_order":0,"comment_status":"closed","ping_status":"open","template":"","meta":{"site-sidebar-layout":"default","site-content-layout":"default","ast-global-header-display":"","ast-banner-title-visibility":"","ast-main-header-display":"","ast-hfb-above-header-display":"","ast-hfb-below-header-display":"","ast-hfb-mobile-header-display":"","site-post-title":"","ast-breadcrumbs-content":"","ast-featured-img":"","footer-sml-layout":"","theme-transparent-header-meta":"","adv-header-id-meta":"","stick-header-meta":"","header-above-stick-meta":"","header-main-stick-meta":"","header-below-stick-meta":"","footnotes":""},"class_list":["post-2","page","type-page","status-publish","hentry"],"yoast_head":"<!-- This site is optimized with the Yoast SEO Premium plugin v20.7 (Yoast SEO v26.0) - https:\/\/yoast.com\/wordpress\/plugins\/seo\/ -->\n<title>Sample Page - WSL<\/title>\n<meta name=\"robots\" content=\"index, follow, max-snippet:-1, max-image-preview:large, max-video-preview:-1\" \/>\n<link rel=\"canonical\" href=\"https:\/\/shwsljk.com\/pt\/pagina-de-exemplo\/\" \/>\n<meta property=\"og:locale\" content=\"pt_BR\" \/>\n<meta property=\"og:type\" content=\"article\" \/>\n<meta property=\"og:title\" content=\"Sample Page\" \/>\n<meta property=\"og:description\" content=\"This is an example page. It&#8217;s different from a blog post because it will stay in one place and will show up in your site navigation (in most themes). Most people start with an About page that introduces them to potential site visitors. It might say something like this: Hi there! I&#8217;m a bike messenger &hellip; Sample Page Leia mais &raquo;\" \/>\n<meta property=\"og:url\" content=\"https:\/\/shwsljk.com\/pt\/pagina-de-exemplo\/\" \/>\n<meta property=\"og:site_name\" content=\"WSL\" \/>\n<meta name=\"twitter:card\" content=\"summary_large_image\" \/>\n<meta name=\"twitter:label1\" content=\"Est. tempo de leitura\" \/>\n\t<meta name=\"twitter:data1\" content=\"1 minuto\" \/>\n<script type=\"application\/ld+json\" class=\"yoast-schema-graph\">{\"@context\":\"https:\/\/schema.org\",\"@graph\":[{\"@type\":\"WebPage\",\"@id\":\"https:\/\/shwsljk.com\/sample-page\/\",\"url\":\"https:\/\/shwsljk.com\/sample-page\/\",\"name\":\"Sample Page - WSL\",\"isPartOf\":{\"@id\":\"https:\/\/shwsljk.com\/#website\"},\"datePublished\":\"2023-06-12T07:49:27+00:00\",\"breadcrumb\":{\"@id\":\"https:\/\/shwsljk.com\/sample-page\/#breadcrumb\"},\"inLanguage\":\"pt-BR\",\"potentialAction\":[{\"@type\":\"ReadAction\",\"target\":[\"https:\/\/shwsljk.com\/sample-page\/\"]}]},{\"@type\":\"BreadcrumbList\",\"@id\":\"https:\/\/shwsljk.com\/sample-page\/#breadcrumb\",\"itemListElement\":[{\"@type\":\"ListItem\",\"position\":1,\"name\":\"Home\",\"item\":\"https:\/\/shwsljk.com\/\"},{\"@type\":\"ListItem\",\"position\":2,\"name\":\"Sample Page\"}]},{\"@type\":\"WebSite\",\"@id\":\"https:\/\/shwsljk.com\/#website\",\"url\":\"https:\/\/shwsljk.com\/\",\"name\":\"WSL\",\"description\":\"My WordPress Blog\",\"publisher\":{\"@id\":\"https:\/\/shwsljk.com\/#organization\"},\"potentialAction\":[{\"@type\":\"SearchAction\",\"target\":{\"@type\":\"EntryPoint\",\"urlTemplate\":\"https:\/\/shwsljk.com\/?s={search_term_string}\"},\"query-input\":{\"@type\":\"PropertyValueSpecification\",\"valueRequired\":true,\"valueName\":\"search_term_string\"}}],\"inLanguage\":\"pt-BR\"},{\"@type\":\"Organization\",\"@id\":\"https:\/\/shwsljk.com\/#organization\",\"name\":\"WSL\",\"url\":\"https:\/\/shwsljk.com\/\",\"logo\":{\"@type\":\"ImageObject\",\"inLanguage\":\"pt-BR\",\"@id\":\"https:\/\/shwsljk.com\/#\/schema\/logo\/image\/\",\"url\":\"https:\/\/shwsljk.com\/wp-content\/uploads\/2023\/06\/logo.webp\",\"contentUrl\":\"https:\/\/shwsljk.com\/wp-content\/uploads\/2023\/06\/logo.webp\",\"width\":1353,\"height\":1353,\"caption\":\"WSL\"},\"image\":{\"@id\":\"https:\/\/shwsljk.com\/#\/schema\/logo\/image\/\"}}]}<\/script>\n<!-- \/ Yoast SEO Premium plugin. -->","yoast_head_json":{"title":"P\u00e1gina de amostra - WSL","robots":{"index":"index","follow":"follow","max-snippet":"max-snippet:-1","max-image-preview":"max-image-preview:large","max-video-preview":"max-video-preview:-1"},"canonical":"https:\/\/shwsljk.com\/pt\/pagina-de-exemplo\/","og_locale":"pt_BR","og_type":"article","og_title":"Sample Page","og_description":"This is an example page. It&#8217;s different from a blog post because it will stay in one place and will show up in your site navigation (in most themes). Most people start with an About page that introduces them to potential site visitors. It might say something like this: Hi there! I&#8217;m a bike messenger &hellip; Sample Page Leia mais &raquo;","og_url":"https:\/\/shwsljk.com\/pt\/pagina-de-exemplo\/","og_site_name":"WSL","twitter_card":"summary_large_image","twitter_misc":{"Est. tempo de leitura":"1 minuto"},"schema":{"@context":"https:\/\/schema.org","@graph":[{"@type":"WebPage","@id":"https:\/\/shwsljk.com\/sample-page\/","url":"https:\/\/shwsljk.com\/sample-page\/","name":"P\u00e1gina de amostra - WSL","isPartOf":{"@id":"https:\/\/shwsljk.com\/#website"},"datePublished":"2023-06-12T07:49:27+00:00","breadcrumb":{"@id":"https:\/\/shwsljk.com\/sample-page\/#breadcrumb"},"inLanguage":"pt-BR","potentialAction":[{"@type":"ReadAction","target":["https:\/\/shwsljk.com\/sample-page\/"]}]},{"@type":"BreadcrumbList","@id":"https:\/\/shwsljk.com\/sample-page\/#breadcrumb","itemListElement":[{"@type":"ListItem","position":1,"name":"Home","item":"https:\/\/shwsljk.com\/"},{"@type":"ListItem","position":2,"name":"Sample Page"}]},{"@type":"WebSite","@id":"https:\/\/shwsljk.com\/#website","url":"https:\/\/shwsljk.com\/","name":"WSL","description":"Meu blog WordPress","publisher":{"@id":"https:\/\/shwsljk.com\/#organization"},"potentialAction":[{"@type":"SearchAction","target":{"@type":"EntryPoint","urlTemplate":"https:\/\/shwsljk.com\/?s={search_term_string}"},"query-input":{"@type":"PropertyValueSpecification","valueRequired":true,"valueName":"search_term_string"}}],"inLanguage":"pt-BR"},{"@type":"Organization","@id":"https:\/\/shwsljk.com\/#organization","name":"WSL","url":"https:\/\/shwsljk.com\/","logo":{"@type":"ImageObject","inLanguage":"pt-BR","@id":"https:\/\/shwsljk.com\/#\/schema\/logo\/image\/","url":"https:\/\/shwsljk.com\/wp-content\/uploads\/2023\/06\/logo.webp","contentUrl":"https:\/\/shwsljk.com\/wp-content\/uploads\/2023\/06\/logo.webp","width":1353,"height":1353,"caption":"WSL"},"image":{"@id":"https:\/\/shwsljk.com\/#\/schema\/logo\/image\/"}}]}},"_links":{"self":[{"href":"https:\/\/shwsljk.com\/pt\/wp-json\/wp\/v2\/pages\/2","targetHints":{"allow":["GET"]}}],"collection":[{"href":"https:\/\/shwsljk.com\/pt\/wp-json\/wp\/v2\/pages"}],"about":[{"href":"https:\/\/shwsljk.com\/pt\/wp-json\/wp\/v2\/types\/page"}],"author":[{"embeddable":true,"href":"https:\/\/shwsljk.com\/pt\/wp-json\/wp\/v2\/users\/1"}],"replies":[{"embeddable":true,"href":"https:\/\/shwsljk.com\/pt\/wp-json\/wp\/v2\/comments?post=2"}],"version-history":[{"count":0,"href":"https:\/\/shwsljk.com\/pt\/wp-json\/wp\/v2\/pages\/2\/revisions"}],"wp:attachment":[{"href":"https:\/\/shwsljk.com\/pt\/wp-json\/wp\/v2\/media?parent=2"}],"curies":[{"name":"wp","href":"https:\/\/api.w.org\/{rel}","templated":true}]}}